{"id":3555,"date":"2024-06-12T09:41:14","date_gmt":"2024-06-12T12:41:14","guid":{"rendered":"https:\/\/www.labra.ws\/?page_id=3555"},"modified":"2024-12-24T20:06:19","modified_gmt":"2024-12-24T23:06:19","slug":"baru","status":"publish","type":"page","link":"https:\/\/www.labra.ws\/en\/baru\/","title":{"rendered":"BARU"},"content":{"rendered":"<div id=\"baru_sec1\" class=\"vc_row wpb_row vc_row-fluid vc_custom_1727535086340\"><div class=\"wpb_column vc_column_container vc_col-sm-6\"><div class=\"vc_column-inner\"><div class=\"wpb_wrapper\">\n\t<div class=\"wpb_text_column wpb_content_element\" >\n\t\t<div class=\"wpb_wrapper\">\n\t\t\t<h2 class=\"cvGsUA direction-ltr align-start para-style-body\">CASTANHA DE BARU<\/h2>\n\n\t\t<\/div>\n\t<\/div>\n\n\t<div class=\"wpb_text_column wpb_content_element\" >\n\t\t<div class=\"wpb_wrapper\">\n\t\t\t<p class=\"cvGsUA direction-ltr align-start para-style-body translation-block\">Baru is a fruit from the Brazilian cerrado, known for its rich flavor and high content of protein, fiber, and essential nutrients, making it one of the most nutritious wild foods available.<\/p>\n<p class=\"cvGsUA direction-ltr align-start para-style-body translation-block\">With the increasing demand for healthy and sustainable food options, its seeds\u2014commonly referred to as \"baru nuts\"\u2014are gaining popularity due to their impressive nutritional profile. Their demand has been rising significantly both in Brazil and around the world.<\/p>\n\n\t\t<\/div>\n\t<\/div>\n\n\t<div  class=\"wpb_single_image wpb_content_element vc_align_center  vc_custom_1718742355681\">\n\t\t\n\t\t<figure class=\"wpb_wrapper vc_figure\">\n\t\t\t<div class=\"vc_single_image-wrapper   vc_box_border_grey\"><img loading=\"lazy\" decoding=\"async\" width=\"856\" height=\"192\" src=\"https:\/\/www.labra.ws\/wp-content\/uploads\/2024\/11\/labra-us.png\" class=\"vc_single_image-img attachment-full\" alt=\"\" srcset=\"https:\/\/www.labra.ws\/wp-content\/uploads\/2024\/11\/labra-us.png 856w, https:\/\/www.labra.ws\/wp-content\/uploads\/2024\/11\/labra-us-300x67.png 300w, https:\/\/www.labra.ws\/wp-content\/uploads\/2024\/11\/labra-us-768x172.png 768w\" sizes=\"auto, (max-width: 856px) 100vw, 856px\" \/><\/div>\n\t\t<\/figure>\n\t<\/div>\n\n\t<div  class=\"wpb_single_image wpb_content_element vc_align_center  vc_custom_1718808730426\">\n\t\t\n\t\t<figure class=\"wpb_wrapper vc_figure\">\n\t\t\t<div class=\"vc_single_image-wrapper   vc_box_border_grey\"><img loading=\"lazy\" decoding=\"async\" width=\"935\" height=\"410\" src=\"https:\/\/www.labra.ws\/wp-content\/uploads\/2024\/11\/Screenshot-2024-11-06-at-13.13.19.png\" class=\"vc_single_image-img attachment-full\" alt=\"\" srcset=\"https:\/\/www.labra.ws\/wp-content\/uploads\/2024\/11\/Screenshot-2024-11-06-at-13.13.19.png 1596w, https:\/\/www.labra.ws\/wp-content\/uploads\/2024\/11\/Screenshot-2024-11-06-at-13.13.19-300x138.png 300w, https:\/\/www.labra.ws\/wp-content\/uploads\/2024\/11\/Screenshot-2024-11-06-at-13.13.19-1024x472.png 1024w, https:\/\/www.labra.ws\/wp-content\/uploads\/2024\/11\/Screenshot-2024-11-06-at-13.13.19-768x354.png 768w\" sizes=\"auto, (max-width: 935px) 100vw, 935px\" \/><\/div>\n\t\t<\/figure>\n\t<\/div>\n<\/div><\/div><\/div><div class=\"wpb_column vc_column_container vc_col-sm-6\"><div class=\"vc_column-inner\"><div class=\"wpb_wrapper\">\n\t<div  class=\"wpb_single_image wpb_content_element vc_align_left\">\n\t\t\n\t\t<figure class=\"wpb_wrapper vc_figure\">\n\t\t\t<div class=\"vc_single_image-wrapper   vc_box_border_grey\"><img loading=\"lazy\" decoding=\"async\" width=\"1063\" height=\"590\" src=\"https:\/\/www.labra.ws\/wp-content\/uploads\/2024\/06\/Apresentac\u0327a\u0303o_Baru_Labra_2024.png\" class=\"vc_single_image-img attachment-full\" alt=\"\" srcset=\"https:\/\/www.labra.ws\/wp-content\/uploads\/2024\/06\/Apresentac\u0327a\u0303o_Baru_Labra_2024.png 1063w, https:\/\/www.labra.ws\/wp-content\/uploads\/2024\/06\/Apresentac\u0327a\u0303o_Baru_Labra_2024-300x167.png 300w, https:\/\/www.labra.ws\/wp-content\/uploads\/2024\/06\/Apresentac\u0327a\u0303o_Baru_Labra_2024-768x426.png 768w, https:\/\/www.labra.ws\/wp-content\/uploads\/2024\/06\/Apresentac\u0327a\u0303o_Baru_Labra_2024-1024x568.png 1024w\" sizes=\"auto, (max-width: 1063px) 100vw, 1063px\" \/><\/div>\n\t\t<\/figure>\n\t<\/div>\n<\/div><\/div><\/div><\/div><div id=\"baru_sec2\" class=\"vc_row wpb_row vc_row-fluid\"><div class=\"wpb_column vc_column_container vc_col-sm-4\"><div class=\"vc_column-inner\"><div class=\"wpb_wrapper\">\n\t<div  class=\"wpb_single_image wpb_content_element vc_align_left   hide-mobile\">\n\t\t\n\t\t<figure class=\"wpb_wrapper vc_figure\">\n\t\t\t<div class=\"vc_single_image-wrapper   vc_box_border_grey\"><img loading=\"lazy\" decoding=\"async\" width=\"478\" height=\"576\" src=\"https:\/\/www.labra.ws\/wp-content\/uploads\/2024\/06\/Apresentac\u0327a\u0303o_Baru_Labra_2024-3.jpg\" class=\"vc_single_image-img attachment-full\" alt=\"\" srcset=\"https:\/\/www.labra.ws\/wp-content\/uploads\/2024\/06\/Apresentac\u0327a\u0303o_Baru_Labra_2024-3.jpg 478w, https:\/\/www.labra.ws\/wp-content\/uploads\/2024\/06\/Apresentac\u0327a\u0303o_Baru_Labra_2024-3-249x300.jpg 249w\" sizes=\"auto, (max-width: 478px) 100vw, 478px\" \/><\/div>\n\t\t<\/figure>\n\t<\/div>\n<\/div><\/div><\/div><div class=\"wpb_column vc_column_container vc_col-sm-8\"><div class=\"vc_column-inner\"><div class=\"wpb_wrapper\">\n\t<div class=\"wpb_text_column wpb_content_element\" >\n\t\t<div class=\"wpb_wrapper\">\n\t\t\t<p>[box_title font_size=&#8221;15&#8243;]SUSTENTABILIDADE[\/box_title]\n\t<div class=\"wpb_text_column wpb_content_element\" >\n\t\t<div class=\"wpb_wrapper\">\n\t\t\t\n\t\t<\/div>\n\t<\/div>\nNo <strong>contexto social<\/strong>, o baru ajuda a promover o desenvolvimento econ\u00f4mico, o empoderamento comunit\u00e1rio, a preserva\u00e7\u00e3o cultural (comunidades tradicionais), al\u00e9m de melhorar as condi\u00e7\u00f5es de vida onde \u00e9 cultivado.<\/p>\n<p><strong>In an environmental context:<\/strong><\/p>\n<ul>\n<li>Low water footprint (does not require irrigation, unlike most other crops);<\/li>\n<li>Regenerative agricultural practices \u2013 the baru tree is a deep-rooted carbon sequestrator that acts as a sponge, connecting to the Guarani aquifer\u2014the largest in the world, which supplies S\u00e3o Paulo\u2014and lies beneath the cerrado. *It could participate in carbon offset and trading programs;<\/li>\n<li>Reduction of greenhouse gas emissions \u2013 it requires fewer inputs and does not necessitate deforestation;<\/li>\n<li>Planting baru trees can help restore areas degraded by traditional monocultures.<\/li>\n<\/ul>\n\n\t\t<\/div>\n\t<\/div>\n<\/div><\/div><\/div><\/div>","protected":false},"excerpt":{"rendered":"CASTANHA DE BARU O baru \u00e9 um fruto do cerrado brasileiro, saboroso e muito rico em prote\u00ednas, fibras e diversos nutrientes essenciais - considerado um dos alimentos mais completos da natureza. Com a crescente busca por alimenta\u00e7\u00e3o saud\u00e1vel e sustent\u00e1vel, suas sementes (conhecidas como \"castanhas\" de baru), v\u00eam se popularizando devido ao seu impressionante perfil [...]","protected":false},"author":12911,"featured_media":0,"parent":0,"menu_order":0,"comment_status":"closed","ping_status":"closed","template":"","meta":{"footnotes":""},"class_list":["post-3555","page","type-page","status-publish","hentry"],"_links":{"self":[{"href":"https:\/\/www.labra.ws\/en\/wp-json\/wp\/v2\/pages\/3555","targetHints":{"allow":["GET"]}}],"collection":[{"href":"https:\/\/www.labra.ws\/en\/wp-json\/wp\/v2\/pages"}],"about":[{"href":"https:\/\/www.labra.ws\/en\/wp-json\/wp\/v2\/types\/page"}],"author":[{"embeddable":true,"href":"https:\/\/www.labra.ws\/en\/wp-json\/wp\/v2\/users\/12911"}],"replies":[{"embeddable":true,"href":"https:\/\/www.labra.ws\/en\/wp-json\/wp\/v2\/comments?post=3555"}],"version-history":[{"count":27,"href":"https:\/\/www.labra.ws\/en\/wp-json\/wp\/v2\/pages\/3555\/revisions"}],"predecessor-version":[{"id":3715,"href":"https:\/\/www.labra.ws\/en\/wp-json\/wp\/v2\/pages\/3555\/revisions\/3715"}],"wp:attachment":[{"href":"https:\/\/www.labra.ws\/en\/wp-json\/wp\/v2\/media?parent=3555"}],"curies":[{"name":"wp","href":"https:\/\/api.w.org\/{rel}","templated":true}]}}