{"id":3551,"date":"2024-06-12T09:40:29","date_gmt":"2024-06-12T12:40:29","guid":{"rendered":"https:\/\/www.labra.ws\/?page_id=3551"},"modified":"2024-12-24T20:05:20","modified_gmt":"2024-12-24T23:05:20","slug":"servicos","status":"publish","type":"page","link":"https:\/\/www.labra.ws\/en\/servicos\/","title":{"rendered":"SERVICES"},"content":{"rendered":"<div class=\"vc_row wpb_row vc_row-fluid\"><div class=\"wpb_column vc_column_container vc_col-sm-12\"><div class=\"vc_column-inner\"><div class=\"wpb_wrapper\"><div class=\"vc_empty_space\"   style=\"height: 32px\" ><span class=\"vc_empty_space_inner\"><\/span><\/div>\n\n\t<div class=\"wpb_text_column wpb_content_element\" >\n\t\t<div class=\"wpb_wrapper\">\n\t\t\t<h2><span style=\"color: #008000;\">HUNTING<\/span><\/h2>\n<p><span style=\"font-weight: 400;\">HUNTING\u2028A specialized service in curating and strategically sourcing differentiated natural products from biodiversity, designed to meet the needs of companies seeking high-quality natural ingredients for their products. Our mission is to provide reliable and efficient access to a wide range of natural resources, contributing to the excellence and innovation of our clients' products.<\/span><\/p>\n<p>&nbsp;<\/p>\n<h2><span style=\"color: #008000;\">WHOLESALE <\/span><\/h2>\n<p><span style=\"font-weight: 400;\">We offer a specialized marketing service for natural products in wholesale, catering to companies looking for high-quality natural ingredients. With a focus on quality, sustainability, and efficiency, we are your trusted partner for supplying your supply chain with the best natural products on the market, with the added advantage of flexibility in order size, serving companies of all scales.<\/span><\/p>\n<p>&nbsp;<\/p>\n<h2><span style=\"color: #008000;\">TRADING<\/span><\/h2>\n<p><span style=\"font-weight: 400;\">A specialized service in facilitating the global trade of natural products, connecting producers, suppliers, and buyers on a comprehensive and efficient platform. With an approach centered on transparency, reliability, and efficiency, we are committed to simplifying the negotiation and supply process of natural products, addressing the dynamic demands of the global market.<\/span><\/p>\n\n\t\t<\/div>\n\t<\/div>\n<\/div><\/div><\/div><\/div>","protected":false},"excerpt":{"rendered":"HUNTING Servi\u00e7o especializado em curadoria e busca estrat\u00e9gica de produtos naturais diferenciados da biodiversidade, projetado para atender \u00e0s necessidades das empresas que buscam ingredientes naturais de alta qualidade para seus produtos. Nossa miss\u00e3o \u00e9 fornecer acesso confi\u00e1vel e eficiente a uma ampla gama de recursos naturais, contribuindo para a excel\u00eancia e inova\u00e7\u00e3o dos produtos de [...]","protected":false},"author":12911,"featured_media":0,"parent":0,"menu_order":0,"comment_status":"closed","ping_status":"closed","template":"","meta":{"footnotes":""},"class_list":["post-3551","page","type-page","status-publish","hentry"],"_links":{"self":[{"href":"https:\/\/www.labra.ws\/en\/wp-json\/wp\/v2\/pages\/3551","targetHints":{"allow":["GET"]}}],"collection":[{"href":"https:\/\/www.labra.ws\/en\/wp-json\/wp\/v2\/pages"}],"about":[{"href":"https:\/\/www.labra.ws\/en\/wp-json\/wp\/v2\/types\/page"}],"author":[{"embeddable":true,"href":"https:\/\/www.labra.ws\/en\/wp-json\/wp\/v2\/users\/12911"}],"replies":[{"embeddable":true,"href":"https:\/\/www.labra.ws\/en\/wp-json\/wp\/v2\/comments?post=3551"}],"version-history":[{"count":12,"href":"https:\/\/www.labra.ws\/en\/wp-json\/wp\/v2\/pages\/3551\/revisions"}],"predecessor-version":[{"id":3714,"href":"https:\/\/www.labra.ws\/en\/wp-json\/wp\/v2\/pages\/3551\/revisions\/3714"}],"wp:attachment":[{"href":"https:\/\/www.labra.ws\/en\/wp-json\/wp\/v2\/media?parent=3551"}],"curies":[{"name":"wp","href":"https:\/\/api.w.org\/{rel}","templated":true}]}}