{"id":2281,"date":"2016-03-03T18:39:50","date_gmt":"2016-03-03T18:39:50","guid":{"rendered":"http:\/\/labra.ws\/?page_id=2281"},"modified":"2025-03-14T09:26:26","modified_gmt":"2025-03-14T12:26:26","slug":"nova-capa","status":"publish","type":"page","link":"https:\/\/www.labra.ws\/en\/","title":{"rendered":"Nova Capa"},"content":{"rendered":"<div data-vc-full-width=\"true\" data-vc-full-width-init=\"false\" data-vc-stretch-content=\"true\" class=\"vc_row wpb_row vc_row-fluid vc_custom_1727535290937 vc_row-no-padding\"><div class=\"wpb_column vc_column_container vc_col-sm-12\"><div class=\"vc_column-inner\"><div class=\"wpb_wrapper\">\n\t\t\t<!-- START Revolution home REVOLUTION SLIDER 6.7.18 --><p class=\"rs-p-wp-fix\"><\/p>\n\t\t\t<rs-module-wrap id=\"rev_slider_1_1_wrapper\" data-source=\"gallery\" style=\"visibility:hidden;background:#E9E9E9;padding:0;margin:0px auto;margin-top:0;margin-bottom:0;\">\n\t\t\t\t<rs-module id=\"rev_slider_1_1\" style=\"\" data-version=\"6.7.18\">\n\t\t\t\t\t<rs-slides style=\"overflow: hidden; position: absolute;\">\n\t\t\t\t\t\t<rs-slide style=\"position: absolute;\" data-key=\"rs-13\" data-title=\"Slide\" data-link=\"\/\/www.labra.ws\/baru\/\" data-tag=\"l\" data-target=\"_self\" data-seoz=\"front\" data-anim=\"adpr:false;\" data-in=\"o:0;\" data-out=\"a:false;\">\n\t\t\t\t\t\t\t<img decoding=\"async\" src=\"\/\/www.labra.ws\/wp-content\/plugins\/revslider\/sr6\/assets\/assets\/dummy.png\" alt=\"\" title=\"show labraflora-br).\" width=\"1140\" height=\"500\" class=\"rev-slidebg tp-rs-img rs-lazyload\" data-lazyload=\"\/\/www.labra.ws\/wp-content\/uploads\/2024\/11\/slides-labraflora-br.jpg\" data-no-retina>\n<!--\n\t\t\t\t\t\t\t--><rs-layer\n\t\t\t\t\t\t\t\tid=\"slider-1-slide-13-layer-0\" \n\t\t\t\t\t\t\t\tdata-type=\"text\"\n\t\t\t\t\t\t\t\tdata-color=\"#ffffff\"\n\t\t\t\t\t\t\t\tdata-rsp_ch=\"on\"\n\t\t\t\t\t\t\t\tdata-xy=\"x:c;y:123px;\"\n\t\t\t\t\t\t\t\tdata-text=\"w:normal;s:46;l:47;ls:0px;fw:700;a:center;\"\n\t\t\t\t\t\t\t\tdata-frame_999=\"o:0;st:w;\"\n\t\t\t\t\t\t\t\tstyle=\"z-index:5;font-family:'Noto Sans JP';\"\n\t\t\t\t\t\t\t>Sustainable <br \/>products from <br \/>Brazilian <br \/>biodiversity \n\t\t\t\t\t\t\t<\/rs-layer><!--\n-->\t\t\t\t\t<\/rs-slide>\n\t\t\t\t\t<\/rs-slides>\n\t\t\t\t<\/rs-module>\n\t\t\t\t<script>\n\t\t\t\t\tsetREVStartSize({c: 'rev_slider_1_1',rl:[1240,1024,778,480],el:[500],gw:[1140],gh:[500],type:'hero',justify:'',layout:'fullwidth',mh:\"0\"});if (window.RS_MODULES!==undefined && window.RS_MODULES.modules!==undefined && window.RS_MODULES.modules[\"revslider11\"]!==undefined) {window.RS_MODULES.modules[\"revslider11\"].once = false;window.revapi1 = undefined;if (window.RS_MODULES.checkMinimal!==undefined) window.RS_MODULES.checkMinimal()}\n\t\t\t\t<\/script>\n\t\t\t<\/rs-module-wrap>\n\t\t\t<!-- END REVOLUTION SLIDER -->\n<\/div><\/div><\/div><\/div><div class=\"vc_row-full-width vc_clearfix\"><\/div><div class=\"vc_row wpb_row vc_row-fluid vc_column-gap-20\"><div class=\"wpb_column vc_column_container vc_col-sm-6\"><div class=\"vc_column-inner\"><div class=\"wpb_wrapper\">\n\t<div class=\"wpb_text_column wpb_content_element\" >\n\t\t<div class=\"wpb_wrapper\">\n\t\t\t<h2>WHO WE ARE<\/h2>\n\n\t\t<\/div>\n\t<\/div>\n<div class=\"vc_separator wpb_content_element vc_separator_align_center vc_sep_width_40 vc_sep_pos_align_left vc_separator_no_text vc_sep_color_grey\" ><span class=\"vc_sep_holder vc_sep_holder_l\"><span  class=\"vc_sep_line\"><\/span><\/span><span class=\"vc_sep_holder vc_sep_holder_r\"><span  class=\"vc_sep_line\"><\/span><\/span>\n<\/div>\n\t<div class=\"wpb_text_column wpb_content_element\" >\n\t\t<div class=\"wpb_wrapper\">\n\t\t\t<p class=\"p1\">Com base em Los Angeles (L.A.) e S\u00e3o Paulo (BRA), somos uma empresa especializada na curadoria, desenvolvimento e comercializa\u00e7\u00e3o de produtos naturais e funcionais, provenientes de cadeias produtivas sustent\u00e1veis.<\/p>\n<p class=\"p1\">When you choose any product from our portfolio, you can be assured that every step of the process is guided by respect for people, nature, and ecosystems. We prioritize highlighting the work of local communities, supporting sustainable practices, and contributing to thoughtful economic development.\n\nOur commitment to quality is unwavering, as we combine natural ingredients with innovation to bring the best of nature to market in various forms and applications.<\/p>\n\n\t\t<\/div>\n\t<\/div>\n<\/div><\/div><\/div><div class=\"wpb_column vc_column_container vc_col-sm-6 vc_col-has-fill\"><div class=\"vc_column-inner vc_custom_1718251066917\"><div class=\"wpb_wrapper\">\n\t<div  class=\"wpb_single_image wpb_content_element vc_align_left  vc_custom_1718251172801\">\n\t\t\n\t\t<figure class=\"wpb_wrapper vc_figure\">\n\t\t\t<div class=\"vc_single_image-wrapper   vc_box_border_grey\"><img loading=\"lazy\" decoding=\"async\" width=\"785\" height=\"180\" src=\"https:\/\/www.labra.ws\/wp-content\/uploads\/2024\/06\/Apresentac\u0327a\u0303o_Baru_Labra_2024-1-1.png\" class=\"vc_single_image-img attachment-full\" alt=\"\" srcset=\"https:\/\/www.labra.ws\/wp-content\/uploads\/2024\/06\/Apresentac\u0327a\u0303o_Baru_Labra_2024-1-1.png 785w, https:\/\/www.labra.ws\/wp-content\/uploads\/2024\/06\/Apresentac\u0327a\u0303o_Baru_Labra_2024-1-1-300x69.png 300w, https:\/\/www.labra.ws\/wp-content\/uploads\/2024\/06\/Apresentac\u0327a\u0303o_Baru_Labra_2024-1-1-768x176.png 768w\" sizes=\"auto, (max-width: 785px) 100vw, 785px\" \/><\/div>\n\t\t<\/figure>\n\t<\/div>\n\n\t<div class=\"wpb_text_column wpb_content_element\" >\n\t\t<div class=\"wpb_wrapper\">\n\t\t\t<p>In 2016, LABRA introduced Baru to the global market and has since established itself as a leading company in marketing this unique product. We are dedicated to supporting the sustainable development of the supply chain and creating a positive social and environmental impact.<\/p>\n<p class=\"p1 translation-block\">Baru is a fruit from the Brazilian cerrado, known for its rich flavor and high content of protein, fiber, and essential nutrients, making it one of the most nutritious wild foods available.<\/p>\n\n\t\t<\/div>\n\t<\/div>\n<\/div><\/div><\/div><\/div>","protected":false},"excerpt":{"rendered":"Produtos sustent\u00e1veis da biodiversidade brasileira setREVStartSize({c: 'rev_slider_1_2',rl:[1240,1024,778,480],el:[500],gw:[1140],gh:[500],type:'hero',justify:'',layout:'fullwidth',mh:\"0\"});if (window.RS_MODULES!==undefined && window.RS_MODULES.modules!==undefined && window.RS_MODULES.modules[\"revslider12\"]!==undefined) {window.RS_MODULES.modules[\"revslider12\"].once = false;window.revapi1_2 = undefined;if (window.RS_MODULES.checkMinimal!==undefined) window.RS_MODULES.checkMinimal()} QUEM SOMOS Com base em Los Angeles (L.A.) e S\u00e3o Paulo (BRA), somos uma empresa especializada na curadoria, desenvolvimento e comercializa\u00e7\u00e3o de produtos naturais e funcionais, provenientes de cadeias produtivas sustent\u00e1veis. H\u00e1 mais de uma d\u00e9cada [...]","protected":false},"author":1,"featured_media":0,"parent":0,"menu_order":0,"comment_status":"closed","ping_status":"closed","template":"","meta":{"footnotes":""},"class_list":["post-2281","page","type-page","status-publish","hentry"],"_links":{"self":[{"href":"https:\/\/www.labra.ws\/en\/wp-json\/wp\/v2\/pages\/2281","targetHints":{"allow":["GET"]}}],"collection":[{"href":"https:\/\/www.labra.ws\/en\/wp-json\/wp\/v2\/pages"}],"about":[{"href":"https:\/\/www.labra.ws\/en\/wp-json\/wp\/v2\/types\/page"}],"author":[{"embeddable":true,"href":"https:\/\/www.labra.ws\/en\/wp-json\/wp\/v2\/users\/1"}],"replies":[{"embeddable":true,"href":"https:\/\/www.labra.ws\/en\/wp-json\/wp\/v2\/comments?post=2281"}],"version-history":[{"count":65,"href":"https:\/\/www.labra.ws\/en\/wp-json\/wp\/v2\/pages\/2281\/revisions"}],"predecessor-version":[{"id":3717,"href":"https:\/\/www.labra.ws\/en\/wp-json\/wp\/v2\/pages\/2281\/revisions\/3717"}],"wp:attachment":[{"href":"https:\/\/www.labra.ws\/en\/wp-json\/wp\/v2\/media?parent=2281"}],"curies":[{"name":"wp","href":"https:\/\/api.w.org\/{rel}","templated":true}]}}